{"id":1168,"date":"2023-12-13T13:39:08","date_gmt":"2023-12-13T12:39:08","guid":{"rendered":"https:\/\/dev.engiby.ch\/?page_id=1168"},"modified":"2025-02-27T16:28:38","modified_gmt":"2025-02-27T15:28:38","slug":"ng-alarm-2","status":"publish","type":"page","link":"https:\/\/engiby.ch\/cms\/web\/communication-drivers\/ng-alarm-2\/","title":{"rendered":"NG-Alarm"},"content":{"rendered":"<p>[et_pb_section fb_built=&#8221;1&#8243; _builder_version=&#8221;4.22.2&#8243; _module_preset=&#8221;default&#8221; custom_padding=&#8221;0px||0px||true|&#8221; global_colors_info=&#8221;{}&#8221;][et_pb_row _builder_version=&#8221;4.22.2&#8243; _module_preset=&#8221;default&#8221; global_colors_info=&#8221;{}&#8221;][et_pb_column type=&#8221;4_4&#8243; _builder_version=&#8221;4.22.2&#8243; _module_preset=&#8221;default&#8221; global_colors_info=&#8221;{}&#8221;][et_pb_code _builder_version=&#8221;4.22.2&#8243; _module_preset=&#8221;default&#8221; global_colors_info=&#8221;{}&#8221;]<span><span><a href=\"https:\/\/engiby.ch\/cms\/web\/\">Accueil<\/a><\/span><\/span>[\/et_pb_code][\/et_pb_column][\/et_pb_row][et_pb_row _builder_version=&#8221;4.22.2&#8243; _module_preset=&#8221;default&#8221; custom_padding=&#8221;0px||0px||true|false&#8221; global_colors_info=&#8221;{}&#8221;][et_pb_column type=&#8221;4_4&#8243; _builder_version=&#8221;4.22.2&#8243; _module_preset=&#8221;default&#8221; global_colors_info=&#8221;{}&#8221;][et_pb_post_title meta=&#8221;off&#8221; featured_image=&#8221;off&#8221; _builder_version=&#8221;4.22.2&#8243; _module_preset=&#8221;default&#8221; title_font=&#8221;|600|||||||&#8221; global_colors_info=&#8221;{}&#8221;][\/et_pb_post_title][et_pb_divider color=&#8221;#EEEEEE&#8221; _builder_version=&#8221;4.22.2&#8243; _module_preset=&#8221;default&#8221; background_color=&#8221;RGBA(255,255,255,0)&#8221; global_colors_info=&#8221;{}&#8221;][\/et_pb_divider][\/et_pb_column][\/et_pb_row][\/et_pb_section][et_pb_section fb_built=&#8221;1&#8243; _builder_version=&#8221;4.22.2&#8243; _module_preset=&#8221;default&#8221; global_colors_info=&#8221;{}&#8221;][et_pb_row column_structure=&#8221;2_3,1_3&#8243; module_class=&#8221;flex col-r&#8221; _builder_version=&#8221;4.23.1&#8243; _module_preset=&#8221;default&#8221; custom_margin=&#8221;0px||0px||true|false&#8221; custom_padding=&#8221;0px||0px||true|false&#8221; global_colors_info=&#8221;{}&#8221;][et_pb_column type=&#8221;2_3&#8243; _builder_version=&#8221;4.22.2&#8243; _module_preset=&#8221;default&#8221; global_colors_info=&#8221;{}&#8221;][et_pb_text _builder_version=&#8221;4.22.2&#8243; _module_preset=&#8221;default&#8221; header_2_font_size=&#8221;20px&#8221; custom_margin=&#8221;0px||0px||true|false&#8221; custom_padding=&#8221;0px||0px||true|false&#8221; global_colors_info=&#8221;{}&#8221;]<\/p>\n<h2>Description<\/h2>\n<p>[\/et_pb_text][et_pb_text _builder_version=&#8221;4.22.2&#8243; _module_preset=&#8221;default&#8221; custom_margin=&#8221;0px||0px||true|false&#8221; custom_padding=&#8221;0px||0px||true|false&#8221; global_colors_info=&#8221;{}&#8221;]<\/p>\n<p>Version fran\u00e7aise\u00a0\/\u00a0<a href=\"https:\/\/engiby.ch\/cms\/web\/communication-drivers\/ng-alarm-3\/\">Deutsche Version<\/a>\u00a0\/\u00a0<a href=\"https:\/\/engiby.ch\/cms\/web\/communication-drivers\/ng-alarm\/\">English version<\/a><\/p>\n<p>La librairie NG-Alarm permet d&#8217;envoyer des SMS et des e-mails depuis les syst\u00e8mes Saia PCD<sup>\u00ae<\/sup>. La transmission se fait par Internet et passe par un service maintenu par Engiby.<\/p>\n<p>Nous l&#8217;avons con\u00e7u en r\u00e9ponse au passage des lignes analogiques vers la technologie IP que Swisscom est en train de r\u00e9aliser.<\/p>\n<p>Les programmes existants qui utilisent la librairie Modem pour transmettre des alarmes par SMS peuvent \u00eatre facilement port\u00e9s sur la librairie d&#8217;FBox NG-Alarm.<\/p>\n<p>Les textes des alarmes, les num\u00e9ros de t\u00e9l\u00e9phone\u00a0ainsi que\u00a0les adresses e-mail des destinataires\u00a0sont d\u00e9finis dans le programme utilisateur. Tous ces param\u00e8tres peuvent \u00eatre modifi\u00e9s en service.<\/p>\n<p>Aper\u00e7u des fonctionnalit\u00e9s:<\/p>\n<ul>\n<li>Communication par Internet (TCP\/IP, port HTTP)\u00a0\u00a0<img decoding=\"async\" src=\"https:\/\/engiby.ch\/cms\/web\/wp-content\/uploads\/2023\/11\/New.png\" width=\"32\" border=\"0\" \/><\/li>\n<li>Textes des alarmes, num\u00e9ros de t\u00e9l\u00e9phone et adresses e-mail des destinataires sauv\u00e9s dans le PCD<sup>\u00ae<\/sup><\/li>\n<li>Contr\u00f4le de la disponibilit\u00e9 du serveur par le PCD<sup>\u00ae<\/sup>\u00a0\u00a0<img decoding=\"async\" src=\"https:\/\/engiby.ch\/cms\/web\/wp-content\/uploads\/2023\/11\/New.png\" width=\"32\" border=\"0\" \/><\/li>\n<li>Contr\u00f4le de vie du PCD<sup>\u00ae<\/sup><span>\u00a0<\/span>par le serveur et message en cas de d\u00e9faillance\u00a0\u00a0<img decoding=\"async\" src=\"https:\/\/engiby.ch\/cms\/web\/wp-content\/uploads\/2023\/11\/New.png\" width=\"32\" border=\"0\" \/><\/li>\n<li>Limitation du nombre de transmission par jours\u00a0\u00a0<img decoding=\"async\" src=\"https:\/\/engiby.ch\/cms\/web\/wp-content\/uploads\/2023\/11\/New.png\" width=\"32\" border=\"0\" \/><br \/>10 SMS et 100 e-mail par jour et par syst\u00e8me, ajustable sur demande<\/li>\n<li>Possibilit\u00e9 de mettre en pause la transmission des alarmes, utile par exemple durant une maintenance<\/li>\n<li>R\u00e9p\u00e9tition de l&#8217;alarme \u00e0 intervalle d\u00e9fini<\/li>\n<li>Cryptage de la transmission entre PCD<sup>\u00ae<\/sup><span>\u00a0<\/span>et serveur\u00a0\u00a0<img decoding=\"async\" src=\"https:\/\/engiby.ch\/cms\/web\/wp-content\/uploads\/2023\/11\/New.png\" width=\"32\" border=\"0\" \/><\/li>\n<\/ul>\n<p><img decoding=\"async\" src=\"https:\/\/engiby.ch\/cms\/web\/wp-content\/uploads\/2023\/11\/New.png\" width=\"32\" border=\"0\" \/>\u00a0= Nouvelles fonctionnalit\u00e9s imm\u00e9diatement disponible par rapport \u00e0 la librairie Modem.<\/p>\n<p>Extension de fonctionnalit\u00e9s pr\u00e9vues:<\/p>\n<ul>\n<li>Configuration des alarmes par fichier Microsoft Excel<\/li>\n<li>D\u00e9tection et transmission des fins d&#8217;alarmes<\/li>\n<li>Transmission des quittances d&#8217;alarmes<\/li>\n<\/ul>\n<p>Extension possible sur demande:<\/p>\n<ul>\n<li>Aper\u00e7u de l&#8217;historique des alarmes sur une interface Web<\/li>\n<li>Confirmation de la r\u00e9ception des SMS<\/li>\n<li>R\u00e8gles de transmission personnalis\u00e9es<\/li>\n<li>Impl\u00e9mentation d&#8217;un fournisseur particulier (autre qu&#8217;Engiby)<\/li>\n<li>License autonome NG-Server<br \/>Gestion des textes d&#8217;alarmes, priorit\u00e9s, destinataires, etc&#8230; c\u00f4t\u00e9 serveur<\/li>\n<\/ul>\n<p>N&#8217;h\u00e9sitez pas \u00e0 contacter Engiby pour toute question.<\/p>\n<p>[\/et_pb_text][\/et_pb_column][et_pb_column type=&#8221;1_3&#8243; _builder_version=&#8221;4.22.2&#8243; _module_preset=&#8221;default&#8221; global_colors_info=&#8221;{}&#8221;][et_pb_image src=&#8221;https:\/\/engiby.ch\/cms\/web\/wp-content\/uploads\/2023\/11\/Image_NG-Alarm-1.png&#8221; alt=&#8221;Image NG-Alarm&#8221; title_text=&#8221;Image_NG-Alarm&#8221; _builder_version=&#8221;4.22.2&#8243; _module_preset=&#8221;default&#8221; global_colors_info=&#8221;{}&#8221;][\/et_pb_image][\/et_pb_column][\/et_pb_row][\/et_pb_section][et_pb_section fb_built=&#8221;1&#8243; _builder_version=&#8221;4.22.2&#8243; _module_preset=&#8221;default&#8221; global_colors_info=&#8221;{}&#8221;][et_pb_row _builder_version=&#8221;4.22.2&#8243; _module_preset=&#8221;default&#8221; custom_margin=&#8221;0px||0px||true|false&#8221; custom_padding=&#8221;0px||0px||true|false&#8221; global_colors_info=&#8221;{}&#8221;][et_pb_column type=&#8221;4_4&#8243; _builder_version=&#8221;4.22.2&#8243; _module_preset=&#8221;default&#8221; global_colors_info=&#8221;{}&#8221;][et_pb_text _builder_version=&#8221;4.22.2&#8243; _module_preset=&#8221;default&#8221; header_2_font_size=&#8221;20px&#8221; custom_margin=&#8221;0px||0px||true|false&#8221; custom_padding=&#8221;0px||0px||true|false&#8221; global_colors_info=&#8221;{}&#8221;]<\/p>\n<h2><strong>Prix<\/strong><\/h2>\n<p>[\/et_pb_text][\/et_pb_column][\/et_pb_row][et_pb_row column_structure=&#8221;1_2,1_4,1_4&#8243; _builder_version=&#8221;4.22.2&#8243; _module_preset=&#8221;default&#8221; custom_margin=&#8221;0px||0px||true|false&#8221; custom_padding=&#8221;3px||3px||true|false&#8221; border_width_top=&#8221;1px&#8221; global_colors_info=&#8221;{}&#8221;][et_pb_column type=&#8221;1_2&#8243; _builder_version=&#8221;4.22.2&#8243; _module_preset=&#8221;default&#8221; global_colors_info=&#8221;{}&#8221;][et_pb_text _builder_version=&#8221;4.22.2&#8243; _module_preset=&#8221;default&#8221; global_colors_info=&#8221;{}&#8221;]<\/p>\n<p><span>Licence pour un compte, jusqu&#8217;\u00e0 3 syst\u00e8mes PCD<\/span><sup>\u00ae<\/sup><span><\/span><\/p>\n<ul>\n<li><span>PG5 V 2.1.xxx<\/span><\/li>\n<li><span>PG5 V 2.2.xxx<\/span><\/li>\n<li><span>PG5 V 2.3.xxx<\/span><\/li>\n<\/ul>\n<p>[\/et_pb_text][\/et_pb_column][et_pb_column type=&#8221;1_4&#8243; _builder_version=&#8221;4.22.2&#8243; _module_preset=&#8221;default&#8221; global_colors_info=&#8221;{}&#8221;][et_pb_text _builder_version=&#8221;4.22.2&#8243; _module_preset=&#8221;default&#8221; global_colors_info=&#8221;{}&#8221;]<\/p>\n<p><span>CHF 400.&#8211; par ann\u00e9e<\/span><\/p>\n<p>[\/et_pb_text][\/et_pb_column][et_pb_column type=&#8221;1_4&#8243; _builder_version=&#8221;4.22.2&#8243; _module_preset=&#8221;default&#8221; global_colors_info=&#8221;{}&#8221;][et_pb_text _builder_version=&#8221;4.27.4&#8243; _module_preset=&#8221;default&#8221; hover_enabled=&#8221;0&#8243; global_colors_info=&#8221;{}&#8221; sticky_enabled=&#8221;0&#8243;]<\/p>\n<p><a href=\"https:\/\/engiby.ch\/cms\/web\/prices-euro\/\">Euro<\/a><\/p>\n<p>[\/et_pb_text][\/et_pb_column][\/et_pb_row][et_pb_row column_structure=&#8221;1_2,1_4,1_4&#8243; _builder_version=&#8221;4.22.2&#8243; _module_preset=&#8221;default&#8221; custom_margin=&#8221;0px||0px||true|false&#8221; custom_padding=&#8221;3px||3px||true|false&#8221; border_width_top=&#8221;1px&#8221; global_colors_info=&#8221;{}&#8221;][et_pb_column type=&#8221;1_2&#8243; _builder_version=&#8221;4.22.2&#8243; _module_preset=&#8221;default&#8221; global_colors_info=&#8221;{}&#8221;][et_pb_text _builder_version=&#8221;4.22.2&#8243; _module_preset=&#8221;default&#8221; global_colors_info=&#8221;{}&#8221;]<\/p>\n<p><span>Syst\u00e8me PCD<\/span><sup>\u00ae<\/sup><span>\u00a0suppl\u00e9mentaire<\/span><\/p>\n<p>[\/et_pb_text][\/et_pb_column][et_pb_column type=&#8221;1_4&#8243; _builder_version=&#8221;4.22.2&#8243; _module_preset=&#8221;default&#8221; global_colors_info=&#8221;{}&#8221;][et_pb_text _builder_version=&#8221;4.22.2&#8243; _module_preset=&#8221;default&#8221; global_colors_info=&#8221;{}&#8221;]<\/p>\n<p><span>CHF 100.&#8211; par ann\u00e9e<\/span><\/p>\n<p>[\/et_pb_text][\/et_pb_column][et_pb_column type=&#8221;1_4&#8243; _builder_version=&#8221;4.22.2&#8243; _module_preset=&#8221;default&#8221; global_colors_info=&#8221;{}&#8221;][et_pb_text _builder_version=&#8221;4.27.4&#8243; _module_preset=&#8221;default&#8221; hover_enabled=&#8221;0&#8243; global_colors_info=&#8221;{}&#8221; sticky_enabled=&#8221;0&#8243;]<\/p>\n<p><a href=\"https:\/\/engiby.ch\/cms\/web\/prices-euro\/\">Euro<\/a><\/p>\n<p>[\/et_pb_text][\/et_pb_column][\/et_pb_row][et_pb_row column_structure=&#8221;1_2,1_4,1_4&#8243; _builder_version=&#8221;4.22.2&#8243; _module_preset=&#8221;default&#8221; custom_margin=&#8221;0px||0px||true|false&#8221; custom_padding=&#8221;3px||3px||true|false&#8221; border_width_top=&#8221;1px&#8221; global_colors_info=&#8221;{}&#8221;][et_pb_column type=&#8221;1_2&#8243; _builder_version=&#8221;4.22.2&#8243; _module_preset=&#8221;default&#8221; global_colors_info=&#8221;{}&#8221;][et_pb_text _builder_version=&#8221;4.22.2&#8243; _module_preset=&#8221;default&#8221; global_colors_info=&#8221;{}&#8221;]<\/p>\n<p><span>Autre forme de licence sur demande<\/span><\/p>\n<p>[\/et_pb_text][\/et_pb_column][et_pb_column type=&#8221;1_4&#8243; _builder_version=&#8221;4.22.2&#8243; _module_preset=&#8221;default&#8221; global_colors_info=&#8221;{}&#8221;][\/et_pb_column][et_pb_column type=&#8221;1_4&#8243; _builder_version=&#8221;4.22.2&#8243; _module_preset=&#8221;default&#8221; global_colors_info=&#8221;{}&#8221;][\/et_pb_column][\/et_pb_row][\/et_pb_section][et_pb_section fb_built=&#8221;1&#8243; _builder_version=&#8221;4.22.2&#8243; _module_preset=&#8221;default&#8221; global_colors_info=&#8221;{}&#8221;][et_pb_row _builder_version=&#8221;4.22.2&#8243; _module_preset=&#8221;default&#8221; custom_margin=&#8221;0px||0px||true|false&#8221; custom_padding=&#8221;0px||0px||true|false&#8221; global_colors_info=&#8221;{}&#8221;][et_pb_column type=&#8221;4_4&#8243; _builder_version=&#8221;4.22.2&#8243; _module_preset=&#8221;default&#8221; global_colors_info=&#8221;{}&#8221;][et_pb_text _builder_version=&#8221;4.22.2&#8243; _module_preset=&#8221;default&#8221; custom_margin=&#8221;0px||0px||true|false&#8221; custom_padding=&#8221;0px||0px||true|false&#8221; global_colors_info=&#8221;{}&#8221;]<\/p>\n<h5>www.engiby.ch\/ngalarm\/fr<\/h5>\n<p>[\/et_pb_text][\/et_pb_column][\/et_pb_row][\/et_pb_section]<\/p>\n","protected":false},"excerpt":{"rendered":"<p><span><span><a href=\"https:\/\/engiby.ch\/cms\/web\/\">Accueil<\/a><\/span><\/span>DescriptionVersion fran\u00e7aise\u00a0\/\u00a0Deutsche Version\u00a0\/\u00a0English version La librairie NG-Alarm permet d&#8217;envoyer des SMS et des e-mails depuis les syst\u00e8mes Saia PCD\u00ae. La transmission se fait par Internet et passe par un service maintenu par Engiby. Nous l&#8217;avons con\u00e7u en r\u00e9ponse au passage des lignes analogiques vers la technologie IP que Swisscom est en train de r\u00e9aliser. Les [&hellip;]<\/p>\n","protected":false},"author":1,"featured_media":0,"parent":10,"menu_order":0,"comment_status":"closed","ping_status":"closed","template":"","meta":{"_et_pb_use_builder":"on","_et_pb_old_content":"","_et_gb_content_width":"","footnotes":""},"categories":[],"tags":[],"class_list":["post-1168","page","type-page","status-publish","hentry"],"yoast_head":"<!-- This site is optimized with the Yoast SEO plugin v27.4 - https:\/\/yoast.com\/product\/yoast-seo-wordpress\/ -->\n<title>NG-Alarm - Engiby<\/title>\n<meta name=\"robots\" content=\"noindex, follow, max-snippet:-1, max-image-preview:large, max-video-preview:-1\" \/>\n<meta property=\"og:locale\" content=\"en_US\" \/>\n<meta property=\"og:type\" content=\"article\" \/>\n<meta property=\"og:title\" content=\"NG-Alarm - Engiby\" \/>\n<meta property=\"og:description\" content=\"DescriptionVersion fran\u00e7aise\u00a0\/\u00a0Deutsche Version\u00a0\/\u00a0English version La librairie NG-Alarm permet d&#039;envoyer des SMS et des e-mails depuis les syst\u00e8mes Saia PCD\u00ae. La transmission se fait par Internet et passe par un service maintenu par Engiby. Nous l&#039;avons con\u00e7u en r\u00e9ponse au passage des lignes analogiques vers la technologie IP que Swisscom est en train de r\u00e9aliser. Les [&hellip;]\" \/>\n<meta property=\"og:url\" content=\"https:\/\/engiby.ch\/cms\/web\/communication-drivers\/ng-alarm-2\/\" \/>\n<meta property=\"og:site_name\" content=\"Engiby\" \/>\n<meta property=\"article:modified_time\" content=\"2025-02-27T15:28:38+00:00\" \/>\n<meta property=\"og:image\" content=\"https:\/\/engiby.ch\/cms\/web\/wp-content\/uploads\/2023\/11\/New.png\" \/>\n<meta name=\"twitter:card\" content=\"summary_large_image\" \/>\n<script type=\"application\/ld+json\" class=\"yoast-schema-graph\">{\"@context\":\"https:\\\/\\\/schema.org\",\"@graph\":[{\"@type\":\"WebPage\",\"@id\":\"https:\\\/\\\/engiby.ch\\\/cms\\\/web\\\/communication-drivers\\\/ng-alarm-2\\\/\",\"url\":\"https:\\\/\\\/engiby.ch\\\/cms\\\/web\\\/communication-drivers\\\/ng-alarm-2\\\/\",\"name\":\"NG-Alarm - Engiby\",\"isPartOf\":{\"@id\":\"https:\\\/\\\/engiby.ch\\\/cms\\\/web\\\/#website\"},\"primaryImageOfPage\":{\"@id\":\"https:\\\/\\\/engiby.ch\\\/cms\\\/web\\\/communication-drivers\\\/ng-alarm-2\\\/#primaryimage\"},\"image\":{\"@id\":\"https:\\\/\\\/engiby.ch\\\/cms\\\/web\\\/communication-drivers\\\/ng-alarm-2\\\/#primaryimage\"},\"thumbnailUrl\":\"https:\\\/\\\/engiby.ch\\\/cms\\\/web\\\/wp-content\\\/uploads\\\/2023\\\/11\\\/New.png\",\"datePublished\":\"2023-12-13T12:39:08+00:00\",\"dateModified\":\"2025-02-27T15:28:38+00:00\",\"breadcrumb\":{\"@id\":\"https:\\\/\\\/engiby.ch\\\/cms\\\/web\\\/communication-drivers\\\/ng-alarm-2\\\/#breadcrumb\"},\"inLanguage\":\"en-US\",\"potentialAction\":[{\"@type\":\"ReadAction\",\"target\":[\"https:\\\/\\\/engiby.ch\\\/cms\\\/web\\\/communication-drivers\\\/ng-alarm-2\\\/\"]}]},{\"@type\":\"ImageObject\",\"inLanguage\":\"en-US\",\"@id\":\"https:\\\/\\\/engiby.ch\\\/cms\\\/web\\\/communication-drivers\\\/ng-alarm-2\\\/#primaryimage\",\"url\":\"https:\\\/\\\/engiby.ch\\\/cms\\\/web\\\/wp-content\\\/uploads\\\/2023\\\/11\\\/New.png\",\"contentUrl\":\"https:\\\/\\\/engiby.ch\\\/cms\\\/web\\\/wp-content\\\/uploads\\\/2023\\\/11\\\/New.png\",\"width\":199,\"height\":111,\"caption\":\"New\"},{\"@type\":\"BreadcrumbList\",\"@id\":\"https:\\\/\\\/engiby.ch\\\/cms\\\/web\\\/communication-drivers\\\/ng-alarm-2\\\/#breadcrumb\",\"itemListElement\":[{\"@type\":\"ListItem\",\"position\":1,\"name\":\"Accueil\",\"item\":\"https:\\\/\\\/engiby.ch\\\/cms\\\/web\\\/\"},{\"@type\":\"ListItem\",\"position\":2,\"name\":\"Communication Drivers\",\"item\":\"https:\\\/\\\/engiby.ch\\\/cms\\\/web\\\/communication-drivers\\\/\"},{\"@type\":\"ListItem\",\"position\":3,\"name\":\"NG-Alarm\"}]},{\"@type\":\"WebSite\",\"@id\":\"https:\\\/\\\/engiby.ch\\\/cms\\\/web\\\/#website\",\"url\":\"https:\\\/\\\/engiby.ch\\\/cms\\\/web\\\/\",\"name\":\"Engiby\",\"description\":\"\",\"publisher\":{\"@id\":\"https:\\\/\\\/engiby.ch\\\/cms\\\/web\\\/#organization\"},\"potentialAction\":[{\"@type\":\"SearchAction\",\"target\":{\"@type\":\"EntryPoint\",\"urlTemplate\":\"https:\\\/\\\/engiby.ch\\\/cms\\\/web\\\/?s={search_term_string}\"},\"query-input\":{\"@type\":\"PropertyValueSpecification\",\"valueRequired\":true,\"valueName\":\"search_term_string\"}}],\"inLanguage\":\"en-US\"},{\"@type\":\"Organization\",\"@id\":\"https:\\\/\\\/engiby.ch\\\/cms\\\/web\\\/#organization\",\"name\":\"Engiby Sarl\",\"url\":\"https:\\\/\\\/engiby.ch\\\/cms\\\/web\\\/\",\"logo\":{\"@type\":\"ImageObject\",\"inLanguage\":\"en-US\",\"@id\":\"https:\\\/\\\/engiby.ch\\\/cms\\\/web\\\/#\\\/schema\\\/logo\\\/image\\\/\",\"url\":\"https:\\\/\\\/engiby.ch\\\/cms\\\/web\\\/wp-content\\\/uploads\\\/2025\\\/11\\\/LogoEngiby.jpg\",\"contentUrl\":\"https:\\\/\\\/engiby.ch\\\/cms\\\/web\\\/wp-content\\\/uploads\\\/2025\\\/11\\\/LogoEngiby.jpg\",\"width\":1180,\"height\":226,\"caption\":\"Engiby Sarl\"},\"image\":{\"@id\":\"https:\\\/\\\/engiby.ch\\\/cms\\\/web\\\/#\\\/schema\\\/logo\\\/image\\\/\"}}]}<\/script>\n<!-- \/ Yoast SEO plugin. -->","yoast_head_json":{"title":"NG-Alarm - Engiby","robots":{"index":"noindex","follow":"follow","max-snippet":"max-snippet:-1","max-image-preview":"max-image-preview:large","max-video-preview":"max-video-preview:-1"},"og_locale":"en_US","og_type":"article","og_title":"NG-Alarm - Engiby","og_description":"DescriptionVersion fran\u00e7aise\u00a0\/\u00a0Deutsche Version\u00a0\/\u00a0English version La librairie NG-Alarm permet d'envoyer des SMS et des e-mails depuis les syst\u00e8mes Saia PCD\u00ae. La transmission se fait par Internet et passe par un service maintenu par Engiby. Nous l'avons con\u00e7u en r\u00e9ponse au passage des lignes analogiques vers la technologie IP que Swisscom est en train de r\u00e9aliser. Les [&hellip;]","og_url":"https:\/\/engiby.ch\/cms\/web\/communication-drivers\/ng-alarm-2\/","og_site_name":"Engiby","article_modified_time":"2025-02-27T15:28:38+00:00","og_image":[{"url":"https:\/\/engiby.ch\/cms\/web\/wp-content\/uploads\/2023\/11\/New.png","type":"","width":"","height":""}],"twitter_card":"summary_large_image","schema":{"@context":"https:\/\/schema.org","@graph":[{"@type":"WebPage","@id":"https:\/\/engiby.ch\/cms\/web\/communication-drivers\/ng-alarm-2\/","url":"https:\/\/engiby.ch\/cms\/web\/communication-drivers\/ng-alarm-2\/","name":"NG-Alarm - Engiby","isPartOf":{"@id":"https:\/\/engiby.ch\/cms\/web\/#website"},"primaryImageOfPage":{"@id":"https:\/\/engiby.ch\/cms\/web\/communication-drivers\/ng-alarm-2\/#primaryimage"},"image":{"@id":"https:\/\/engiby.ch\/cms\/web\/communication-drivers\/ng-alarm-2\/#primaryimage"},"thumbnailUrl":"https:\/\/engiby.ch\/cms\/web\/wp-content\/uploads\/2023\/11\/New.png","datePublished":"2023-12-13T12:39:08+00:00","dateModified":"2025-02-27T15:28:38+00:00","breadcrumb":{"@id":"https:\/\/engiby.ch\/cms\/web\/communication-drivers\/ng-alarm-2\/#breadcrumb"},"inLanguage":"en-US","potentialAction":[{"@type":"ReadAction","target":["https:\/\/engiby.ch\/cms\/web\/communication-drivers\/ng-alarm-2\/"]}]},{"@type":"ImageObject","inLanguage":"en-US","@id":"https:\/\/engiby.ch\/cms\/web\/communication-drivers\/ng-alarm-2\/#primaryimage","url":"https:\/\/engiby.ch\/cms\/web\/wp-content\/uploads\/2023\/11\/New.png","contentUrl":"https:\/\/engiby.ch\/cms\/web\/wp-content\/uploads\/2023\/11\/New.png","width":199,"height":111,"caption":"New"},{"@type":"BreadcrumbList","@id":"https:\/\/engiby.ch\/cms\/web\/communication-drivers\/ng-alarm-2\/#breadcrumb","itemListElement":[{"@type":"ListItem","position":1,"name":"Accueil","item":"https:\/\/engiby.ch\/cms\/web\/"},{"@type":"ListItem","position":2,"name":"Communication Drivers","item":"https:\/\/engiby.ch\/cms\/web\/communication-drivers\/"},{"@type":"ListItem","position":3,"name":"NG-Alarm"}]},{"@type":"WebSite","@id":"https:\/\/engiby.ch\/cms\/web\/#website","url":"https:\/\/engiby.ch\/cms\/web\/","name":"Engiby","description":"","publisher":{"@id":"https:\/\/engiby.ch\/cms\/web\/#organization"},"potentialAction":[{"@type":"SearchAction","target":{"@type":"EntryPoint","urlTemplate":"https:\/\/engiby.ch\/cms\/web\/?s={search_term_string}"},"query-input":{"@type":"PropertyValueSpecification","valueRequired":true,"valueName":"search_term_string"}}],"inLanguage":"en-US"},{"@type":"Organization","@id":"https:\/\/engiby.ch\/cms\/web\/#organization","name":"Engiby Sarl","url":"https:\/\/engiby.ch\/cms\/web\/","logo":{"@type":"ImageObject","inLanguage":"en-US","@id":"https:\/\/engiby.ch\/cms\/web\/#\/schema\/logo\/image\/","url":"https:\/\/engiby.ch\/cms\/web\/wp-content\/uploads\/2025\/11\/LogoEngiby.jpg","contentUrl":"https:\/\/engiby.ch\/cms\/web\/wp-content\/uploads\/2025\/11\/LogoEngiby.jpg","width":1180,"height":226,"caption":"Engiby Sarl"},"image":{"@id":"https:\/\/engiby.ch\/cms\/web\/#\/schema\/logo\/image\/"}}]}},"_links":{"self":[{"href":"https:\/\/engiby.ch\/cms\/web\/wp-json\/wp\/v2\/pages\/1168","targetHints":{"allow":["GET"]}}],"collection":[{"href":"https:\/\/engiby.ch\/cms\/web\/wp-json\/wp\/v2\/pages"}],"about":[{"href":"https:\/\/engiby.ch\/cms\/web\/wp-json\/wp\/v2\/types\/page"}],"author":[{"embeddable":true,"href":"https:\/\/engiby.ch\/cms\/web\/wp-json\/wp\/v2\/users\/1"}],"replies":[{"embeddable":true,"href":"https:\/\/engiby.ch\/cms\/web\/wp-json\/wp\/v2\/comments?post=1168"}],"version-history":[{"count":6,"href":"https:\/\/engiby.ch\/cms\/web\/wp-json\/wp\/v2\/pages\/1168\/revisions"}],"predecessor-version":[{"id":1620,"href":"https:\/\/engiby.ch\/cms\/web\/wp-json\/wp\/v2\/pages\/1168\/revisions\/1620"}],"up":[{"embeddable":true,"href":"https:\/\/engiby.ch\/cms\/web\/wp-json\/wp\/v2\/pages\/10"}],"wp:attachment":[{"href":"https:\/\/engiby.ch\/cms\/web\/wp-json\/wp\/v2\/media?parent=1168"}],"wp:term":[{"taxonomy":"category","embeddable":true,"href":"https:\/\/engiby.ch\/cms\/web\/wp-json\/wp\/v2\/categories?post=1168"},{"taxonomy":"post_tag","embeddable":true,"href":"https:\/\/engiby.ch\/cms\/web\/wp-json\/wp\/v2\/tags?post=1168"}],"curies":[{"name":"wp","href":"https:\/\/api.w.org\/{rel}","templated":true}]}}