{"id":1173,"date":"2023-12-13T13:49:47","date_gmt":"2023-12-13T12:49:47","guid":{"rendered":"https:\/\/dev.engiby.ch\/?page_id=1173"},"modified":"2025-02-27T16:29:12","modified_gmt":"2025-02-27T15:29:12","slug":"ng-alarm-3","status":"publish","type":"page","link":"https:\/\/engiby.ch\/cms\/web\/communication-drivers\/ng-alarm-3\/","title":{"rendered":"NG-Alarm"},"content":{"rendered":"<p>[et_pb_section fb_built=&#8221;1&#8243; _builder_version=&#8221;4.22.2&#8243; _module_preset=&#8221;default&#8221; custom_padding=&#8221;0px||0px||true|&#8221; global_colors_info=&#8221;{}&#8221;][et_pb_row _builder_version=&#8221;4.22.2&#8243; _module_preset=&#8221;default&#8221; global_colors_info=&#8221;{}&#8221;][et_pb_column type=&#8221;4_4&#8243; _builder_version=&#8221;4.22.2&#8243; _module_preset=&#8221;default&#8221; global_colors_info=&#8221;{}&#8221;][et_pb_code _builder_version=&#8221;4.22.2&#8243; _module_preset=&#8221;default&#8221; global_colors_info=&#8221;{}&#8221;]<span><span><a href=\"https:\/\/engiby.ch\/cms\/web\/\">Accueil<\/a><\/span><\/span>[\/et_pb_code][\/et_pb_column][\/et_pb_row][et_pb_row _builder_version=&#8221;4.22.2&#8243; _module_preset=&#8221;default&#8221; custom_padding=&#8221;0px||0px||true|false&#8221; global_colors_info=&#8221;{}&#8221;][et_pb_column type=&#8221;4_4&#8243; _builder_version=&#8221;4.22.2&#8243; _module_preset=&#8221;default&#8221; global_colors_info=&#8221;{}&#8221;][et_pb_post_title meta=&#8221;off&#8221; featured_image=&#8221;off&#8221; _builder_version=&#8221;4.22.2&#8243; _module_preset=&#8221;default&#8221; title_font=&#8221;|600|||||||&#8221; global_colors_info=&#8221;{}&#8221;][\/et_pb_post_title][et_pb_divider color=&#8221;#EEEEEE&#8221; _builder_version=&#8221;4.22.2&#8243; _module_preset=&#8221;default&#8221; background_color=&#8221;RGBA(255,255,255,0)&#8221; global_colors_info=&#8221;{}&#8221;][\/et_pb_divider][\/et_pb_column][\/et_pb_row][\/et_pb_section][et_pb_section fb_built=&#8221;1&#8243; _builder_version=&#8221;4.22.2&#8243; _module_preset=&#8221;default&#8221; global_colors_info=&#8221;{}&#8221;][et_pb_row column_structure=&#8221;2_3,1_3&#8243; module_class=&#8221;flex col-r&#8221; _builder_version=&#8221;4.23.1&#8243; _module_preset=&#8221;default&#8221; custom_margin=&#8221;0px||0px||true|false&#8221; custom_padding=&#8221;0px||0px||true|false&#8221; global_colors_info=&#8221;{}&#8221;][et_pb_column type=&#8221;2_3&#8243; _builder_version=&#8221;4.22.2&#8243; _module_preset=&#8221;default&#8221; global_colors_info=&#8221;{}&#8221;][et_pb_text _builder_version=&#8221;4.22.2&#8243; _module_preset=&#8221;default&#8221; header_2_font_size=&#8221;20px&#8221; custom_margin=&#8221;0px||0px||true|false&#8221; custom_padding=&#8221;0px||0px||true|false&#8221; global_colors_info=&#8221;{}&#8221;]<\/p>\n<h2 class=\"tw-data-text tw-text-large tw-ta\" data-placeholder=\"Traduction\" id=\"tw-target-text\" data-ved=\"2ahUKEwjxpazvuYyDAxXI-6QKHYstDqEQ3ewLegQIBRAQ\" dir=\"ltr\"><span class=\"Y2IQFc\" lang=\"de\">Beschreibung<\/span><\/h2>\n<p>[\/et_pb_text][et_pb_text _builder_version=&#8221;4.22.2&#8243; _module_preset=&#8221;default&#8221; custom_margin=&#8221;0px||0px||true|false&#8221; custom_padding=&#8221;0px||0px||true|false&#8221; global_colors_info=&#8221;{}&#8221;]<\/p>\n<p><a href=\"https:\/\/engiby.ch\/cms\/web\/communication-drivers\/ng-alarm-2\/\">Version fran\u00e7aise<\/a>\u00a0\/\u00a0Deutsche Version\u00a0\/\u00a0<a href=\"https:\/\/engiby.ch\/cms\/web\/communication-drivers\/ng-alarm\/\">English version<\/a><\/p>\n<p>Die NG-Alarm Bibliothek erlaubt das Senden von SMS und E-Mails Nachrichten von Saia PCD<sup>\u00ae<\/sup><span>\u00a0<\/span>Systemen.<\/p>\n<p>Somit k\u00f6nnen auch nach der Abl\u00f6sung der analogen Telefonlinien durch die IP Kommunikation weiterhin SMS Nachrichten versendet werden.<\/p>\n<p>Ein bereits vorliegendes Programm f\u00fcr den Versand von SMS mittels der bestehenden Modem FBox Bibliothek kann mit minimem Aufwand auf die NG-Alarm FBox umgeschrieben werden.<\/p>\n<p>Wie bereits bei dem Modem Bibliothek werden die Telefonnummern und E-Mail-Adressen der Empf\u00e4nger direkt im Fupla definiert. Diese Einstellungen k\u00f6nnen in Laufzeit ge\u00e4ndert werden.<\/p>\n<p>Funktions\u00fcbersicht:<\/p>\n<ul>\n<li>Kommunikation via Internet (TCP\/IP, HTTP Port)\u00a0\u00a0<img decoding=\"async\" src=\"https:\/\/engiby.ch\/cms\/web\/wp-content\/uploads\/2023\/11\/New.png\" width=\"32\" border=\"0\" \/><\/li>\n<li>Alarmtexte und Empf\u00e4nger der Nachrichten werden auf der PCD<sup>\u00ae<\/sup>\u00a0gespeichert<\/li>\n<li>Verf\u00fcgbarkeit des Servers wird durch die PCD \u00fcberwacht\u00a0\u00a0<img decoding=\"async\" src=\"https:\/\/engiby.ch\/cms\/web\/wp-content\/uploads\/2023\/11\/New.png\" width=\"32\" border=\"0\" \/><\/li>\n<li>Lifecheck der PCD<sup>\u00ae<\/sup>\u00a0den Server (Alarmierung, falls sich die PCD<sup>\u00ae<\/sup>\u00a0nicht mehr meldet)\u00a0\u00a0<img decoding=\"async\" src=\"https:\/\/engiby.ch\/cms\/web\/wp-content\/uploads\/2023\/11\/New.png\" width=\"32\" border=\"0\" \/><\/li>\n<li>Limitierung der Nachrichten pro Tag\u00a0\u00a0<img decoding=\"async\" src=\"https:\/\/engiby.ch\/cms\/web\/wp-content\/uploads\/2023\/11\/New.png\" width=\"32\" border=\"0\" \/><br \/>10 SMS und 100 E-Mails pro Tag und PCD<sup>\u00ae<\/sup>\u00a0(kann erh\u00f6ht werden auf Anfrage)<\/li>\n<li>Alarm\u00fcbermittlung kann tempor\u00e4r deaktiviert werden, z.B. w\u00e4hrend Wartungsarbeiten<\/li>\n<li>Wiederholung der Alarm\u00fcbermittlung mit definiertem Intervall<\/li>\n<li>Verschl\u00fcsselte Verbindung von PCD<sup>\u00ae<\/sup>\u00a0zum Server\u00a0\u00a0<img decoding=\"async\" src=\"https:\/\/engiby.ch\/cms\/web\/wp-content\/uploads\/2023\/11\/New.png\" width=\"32\" border=\"0\" \/><\/li>\n<\/ul>\n<p><img decoding=\"async\" src=\"https:\/\/engiby.ch\/cms\/web\/wp-content\/uploads\/2023\/11\/New.png\" width=\"32\" border=\"0\" \/>\u00a0= neue Funktionen im Vergleich mit dem bestehenden Modem Bibliothek.<\/p>\n<p>Geplante Erweiterungen:<\/p>\n<ul>\n<li>Konfiguration der Alarme via Microsoft Excel<\/li>\n<li>\u00dcbermittlung von Alarm-Resets (gehende Alarme)<\/li>\n<li>Alarm Quittierung \u00fcbermitteln<\/li>\n<\/ul>\n<p>M\u00f6gliche Funktionen auf Anfrage:<\/p>\n<ul>\n<li>\u00dcbersicht \u00fcber versandte Alarme (History)<\/li>\n<li>Best\u00e4tigung des Empfangs der SMS Nachricht auf Endger\u00e4t<\/li>\n<li>Erweiterte \u00dcbermittlungsregeln<\/li>\n<li>Verwendung von personalisiertem \u00dcbermittlungsdienst<\/li>\n<li>Pers\u00f6nliche NG-Server Lizenz<\/li>\n<li>Definition der Alarmtexte, Priorit\u00e4ten und Empf\u00e4nger auf dem Server<\/li>\n<\/ul>\n<p>Bitte z\u00f6gern Sie nicht, bei Fragen Engiby zu kontaktieren.<\/p>\n<p>[\/et_pb_text][\/et_pb_column][et_pb_column type=&#8221;1_3&#8243; _builder_version=&#8221;4.22.2&#8243; _module_preset=&#8221;default&#8221; global_colors_info=&#8221;{}&#8221;][et_pb_image src=&#8221;https:\/\/engiby.ch\/cms\/web\/wp-content\/uploads\/2023\/11\/Image_NG-Alarm-1.png&#8221; alt=&#8221;Image NG-Alarm&#8221; title_text=&#8221;Image_NG-Alarm&#8221; _builder_version=&#8221;4.22.2&#8243; _module_preset=&#8221;default&#8221; global_colors_info=&#8221;{}&#8221;][\/et_pb_image][\/et_pb_column][\/et_pb_row][\/et_pb_section][et_pb_section fb_built=&#8221;1&#8243; _builder_version=&#8221;4.22.2&#8243; _module_preset=&#8221;default&#8221; global_colors_info=&#8221;{}&#8221;][et_pb_row _builder_version=&#8221;4.22.2&#8243; _module_preset=&#8221;default&#8221; custom_margin=&#8221;0px||0px||true|false&#8221; custom_padding=&#8221;0px||0px||true|false&#8221; global_colors_info=&#8221;{}&#8221;][et_pb_column type=&#8221;4_4&#8243; _builder_version=&#8221;4.22.2&#8243; _module_preset=&#8221;default&#8221; global_colors_info=&#8221;{}&#8221;][et_pb_text _builder_version=&#8221;4.22.2&#8243; _module_preset=&#8221;default&#8221; header_2_font_size=&#8221;20px&#8221; custom_margin=&#8221;0px||0px||true|false&#8221; custom_padding=&#8221;0px||0px||true|false&#8221; global_colors_info=&#8221;{}&#8221;]<\/p>\n<h2>Preis<\/h2>\n<p>[\/et_pb_text][\/et_pb_column][\/et_pb_row][et_pb_row column_structure=&#8221;1_2,1_4,1_4&#8243; _builder_version=&#8221;4.22.2&#8243; _module_preset=&#8221;default&#8221; custom_margin=&#8221;0px||0px||true|false&#8221; custom_padding=&#8221;3px||3px||true|false&#8221; border_width_top=&#8221;1px&#8221; global_colors_info=&#8221;{}&#8221;][et_pb_column type=&#8221;1_2&#8243; _builder_version=&#8221;4.22.2&#8243; _module_preset=&#8221;default&#8221; global_colors_info=&#8221;{}&#8221;][et_pb_text _builder_version=&#8221;4.22.2&#8243; _module_preset=&#8221;default&#8221; global_colors_info=&#8221;{}&#8221;]<\/p>\n<p><span>Lizenz f\u00fcr 3\u00a0PCD<\/span><sup>\u00ae<\/sup><span>\u00a0Systeme<\/span><\/p>\n<ul>\n<li><span>PG5 V 2.1.xxx<\/span><\/li>\n<li><span>PG5 V 2.2.xxx<\/span><\/li>\n<li><span>PG5 V 2.3.xxx<\/span><\/li>\n<\/ul>\n<p>[\/et_pb_text][\/et_pb_column][et_pb_column type=&#8221;1_4&#8243; _builder_version=&#8221;4.22.2&#8243; _module_preset=&#8221;default&#8221; global_colors_info=&#8221;{}&#8221;][et_pb_text _builder_version=&#8221;4.22.2&#8243; _module_preset=&#8221;default&#8221; global_colors_info=&#8221;{}&#8221;]<\/p>\n<p><span>CHF 400.&#8211; pro Jahr<\/span><\/p>\n<p>[\/et_pb_text][\/et_pb_column][et_pb_column type=&#8221;1_4&#8243; _builder_version=&#8221;4.22.2&#8243; _module_preset=&#8221;default&#8221; global_colors_info=&#8221;{}&#8221;][et_pb_text _builder_version=&#8221;4.27.4&#8243; _module_preset=&#8221;default&#8221; hover_enabled=&#8221;0&#8243; global_colors_info=&#8221;{}&#8221; sticky_enabled=&#8221;0&#8243;]<\/p>\n<p><a href=\"https:\/\/engiby.ch\/cms\/web\/prices-euro\/\">Euro<\/a><\/p>\n<p>[\/et_pb_text][\/et_pb_column][\/et_pb_row][et_pb_row column_structure=&#8221;1_2,1_4,1_4&#8243; _builder_version=&#8221;4.22.2&#8243; _module_preset=&#8221;default&#8221; custom_margin=&#8221;0px||0px||true|false&#8221; custom_padding=&#8221;3px||3px||true|false&#8221; border_width_top=&#8221;1px&#8221; global_colors_info=&#8221;{}&#8221;][et_pb_column type=&#8221;1_2&#8243; _builder_version=&#8221;4.22.2&#8243; _module_preset=&#8221;default&#8221; global_colors_info=&#8221;{}&#8221;][et_pb_text _builder_version=&#8221;4.22.2&#8243; _module_preset=&#8221;default&#8221; global_colors_info=&#8221;{}&#8221;]<\/p>\n<p><span>Zus\u00e4tzliche PCD<\/span><sup>\u00ae<\/sup><span>\u00a0Systeme<\/span><\/p>\n<p>[\/et_pb_text][\/et_pb_column][et_pb_column type=&#8221;1_4&#8243; _builder_version=&#8221;4.22.2&#8243; _module_preset=&#8221;default&#8221; global_colors_info=&#8221;{}&#8221;][et_pb_text _builder_version=&#8221;4.22.2&#8243; _module_preset=&#8221;default&#8221; global_colors_info=&#8221;{}&#8221;]<\/p>\n<p><span>CHF 100.&#8211; pro Jahr<\/span><\/p>\n<p>[\/et_pb_text][\/et_pb_column][et_pb_column type=&#8221;1_4&#8243; _builder_version=&#8221;4.22.2&#8243; _module_preset=&#8221;default&#8221; global_colors_info=&#8221;{}&#8221;][et_pb_text _builder_version=&#8221;4.27.4&#8243; _module_preset=&#8221;default&#8221; hover_enabled=&#8221;0&#8243; global_colors_info=&#8221;{}&#8221; sticky_enabled=&#8221;0&#8243;]<\/p>\n<p><a href=\"https:\/\/engiby.ch\/cms\/web\/prices-euro\/\">Euro<\/a><\/p>\n<p>[\/et_pb_text][\/et_pb_column][\/et_pb_row][et_pb_row column_structure=&#8221;1_2,1_4,1_4&#8243; _builder_version=&#8221;4.22.2&#8243; _module_preset=&#8221;default&#8221; custom_margin=&#8221;0px||0px||true|false&#8221; custom_padding=&#8221;3px||3px||true|false&#8221; border_width_top=&#8221;1px&#8221; global_colors_info=&#8221;{}&#8221;][et_pb_column type=&#8221;1_2&#8243; _builder_version=&#8221;4.22.2&#8243; _module_preset=&#8221;default&#8221; global_colors_info=&#8221;{}&#8221;][et_pb_text _builder_version=&#8221;4.22.2&#8243; _module_preset=&#8221;default&#8221; global_colors_info=&#8221;{}&#8221;]<\/p>\n<p><span>Andere Lizenzformen auf Anfrage<\/span><\/p>\n<p>[\/et_pb_text][\/et_pb_column][et_pb_column type=&#8221;1_4&#8243; _builder_version=&#8221;4.22.2&#8243; _module_preset=&#8221;default&#8221; global_colors_info=&#8221;{}&#8221;][\/et_pb_column][et_pb_column type=&#8221;1_4&#8243; _builder_version=&#8221;4.22.2&#8243; _module_preset=&#8221;default&#8221; global_colors_info=&#8221;{}&#8221;][\/et_pb_column][\/et_pb_row][\/et_pb_section][et_pb_section fb_built=&#8221;1&#8243; _builder_version=&#8221;4.22.2&#8243; _module_preset=&#8221;default&#8221; global_colors_info=&#8221;{}&#8221;][et_pb_row _builder_version=&#8221;4.22.2&#8243; _module_preset=&#8221;default&#8221; custom_margin=&#8221;0px||0px||true|false&#8221; custom_padding=&#8221;0px||0px||true|false&#8221; global_colors_info=&#8221;{}&#8221;][et_pb_column type=&#8221;4_4&#8243; _builder_version=&#8221;4.22.2&#8243; _module_preset=&#8221;default&#8221; global_colors_info=&#8221;{}&#8221;][et_pb_text _builder_version=&#8221;4.22.2&#8243; _module_preset=&#8221;default&#8221; custom_margin=&#8221;0px||0px||true|false&#8221; custom_padding=&#8221;0px||0px||true|false&#8221; global_colors_info=&#8221;{}&#8221;]<\/p>\n<h5>www.engiby.ch\/ngalarm\/de<\/h5>\n<p>[\/et_pb_text][\/et_pb_column][\/et_pb_row][\/et_pb_section]<\/p>\n","protected":false},"excerpt":{"rendered":"<p><span><span><a href=\"https:\/\/engiby.ch\/cms\/web\/\">Accueil<\/a><\/span><\/span>BeschreibungVersion fran\u00e7aise\u00a0\/\u00a0Deutsche Version\u00a0\/\u00a0English version Die NG-Alarm Bibliothek erlaubt das Senden von SMS und E-Mails Nachrichten von Saia PCD\u00ae\u00a0Systemen. Somit k\u00f6nnen auch nach der Abl\u00f6sung der analogen Telefonlinien durch die IP Kommunikation weiterhin SMS Nachrichten versendet werden. Ein bereits vorliegendes Programm f\u00fcr den Versand von SMS mittels der bestehenden Modem FBox Bibliothek kann mit minimem Aufwand [&hellip;]<\/p>\n","protected":false},"author":1,"featured_media":0,"parent":10,"menu_order":0,"comment_status":"closed","ping_status":"closed","template":"","meta":{"_et_pb_use_builder":"on","_et_pb_old_content":"","_et_gb_content_width":"","footnotes":""},"categories":[],"tags":[],"class_list":["post-1173","page","type-page","status-publish","hentry"],"yoast_head":"<!-- This site is optimized with the Yoast SEO plugin v27.4 - https:\/\/yoast.com\/product\/yoast-seo-wordpress\/ -->\n<title>NG-Alarm - Engiby<\/title>\n<meta name=\"robots\" content=\"noindex, follow, max-snippet:-1, max-image-preview:large, max-video-preview:-1\" \/>\n<meta property=\"og:locale\" content=\"en_US\" \/>\n<meta property=\"og:type\" content=\"article\" \/>\n<meta property=\"og:title\" content=\"NG-Alarm - Engiby\" \/>\n<meta property=\"og:description\" content=\"BeschreibungVersion fran\u00e7aise\u00a0\/\u00a0Deutsche Version\u00a0\/\u00a0English version Die NG-Alarm Bibliothek erlaubt das Senden von SMS und E-Mails Nachrichten von Saia PCD\u00ae\u00a0Systemen. Somit k\u00f6nnen auch nach der Abl\u00f6sung der analogen Telefonlinien durch die IP Kommunikation weiterhin SMS Nachrichten versendet werden. Ein bereits vorliegendes Programm f\u00fcr den Versand von SMS mittels der bestehenden Modem FBox Bibliothek kann mit minimem Aufwand [&hellip;]\" \/>\n<meta property=\"og:url\" content=\"https:\/\/engiby.ch\/cms\/web\/communication-drivers\/ng-alarm-3\/\" \/>\n<meta property=\"og:site_name\" content=\"Engiby\" \/>\n<meta property=\"article:modified_time\" content=\"2025-02-27T15:29:12+00:00\" \/>\n<meta property=\"og:image\" content=\"https:\/\/engiby.ch\/cms\/web\/wp-content\/uploads\/2023\/11\/New.png\" \/>\n<meta name=\"twitter:card\" content=\"summary_large_image\" \/>\n<script type=\"application\/ld+json\" class=\"yoast-schema-graph\">{\"@context\":\"https:\\\/\\\/schema.org\",\"@graph\":[{\"@type\":\"WebPage\",\"@id\":\"https:\\\/\\\/engiby.ch\\\/cms\\\/web\\\/communication-drivers\\\/ng-alarm-3\\\/\",\"url\":\"https:\\\/\\\/engiby.ch\\\/cms\\\/web\\\/communication-drivers\\\/ng-alarm-3\\\/\",\"name\":\"NG-Alarm - Engiby\",\"isPartOf\":{\"@id\":\"https:\\\/\\\/engiby.ch\\\/cms\\\/web\\\/#website\"},\"primaryImageOfPage\":{\"@id\":\"https:\\\/\\\/engiby.ch\\\/cms\\\/web\\\/communication-drivers\\\/ng-alarm-3\\\/#primaryimage\"},\"image\":{\"@id\":\"https:\\\/\\\/engiby.ch\\\/cms\\\/web\\\/communication-drivers\\\/ng-alarm-3\\\/#primaryimage\"},\"thumbnailUrl\":\"https:\\\/\\\/engiby.ch\\\/cms\\\/web\\\/wp-content\\\/uploads\\\/2023\\\/11\\\/New.png\",\"datePublished\":\"2023-12-13T12:49:47+00:00\",\"dateModified\":\"2025-02-27T15:29:12+00:00\",\"breadcrumb\":{\"@id\":\"https:\\\/\\\/engiby.ch\\\/cms\\\/web\\\/communication-drivers\\\/ng-alarm-3\\\/#breadcrumb\"},\"inLanguage\":\"en-US\",\"potentialAction\":[{\"@type\":\"ReadAction\",\"target\":[\"https:\\\/\\\/engiby.ch\\\/cms\\\/web\\\/communication-drivers\\\/ng-alarm-3\\\/\"]}]},{\"@type\":\"ImageObject\",\"inLanguage\":\"en-US\",\"@id\":\"https:\\\/\\\/engiby.ch\\\/cms\\\/web\\\/communication-drivers\\\/ng-alarm-3\\\/#primaryimage\",\"url\":\"https:\\\/\\\/engiby.ch\\\/cms\\\/web\\\/wp-content\\\/uploads\\\/2023\\\/11\\\/New.png\",\"contentUrl\":\"https:\\\/\\\/engiby.ch\\\/cms\\\/web\\\/wp-content\\\/uploads\\\/2023\\\/11\\\/New.png\",\"width\":199,\"height\":111,\"caption\":\"New\"},{\"@type\":\"BreadcrumbList\",\"@id\":\"https:\\\/\\\/engiby.ch\\\/cms\\\/web\\\/communication-drivers\\\/ng-alarm-3\\\/#breadcrumb\",\"itemListElement\":[{\"@type\":\"ListItem\",\"position\":1,\"name\":\"Accueil\",\"item\":\"https:\\\/\\\/engiby.ch\\\/cms\\\/web\\\/\"},{\"@type\":\"ListItem\",\"position\":2,\"name\":\"Communication Drivers\",\"item\":\"https:\\\/\\\/engiby.ch\\\/cms\\\/web\\\/communication-drivers\\\/\"},{\"@type\":\"ListItem\",\"position\":3,\"name\":\"NG-Alarm\"}]},{\"@type\":\"WebSite\",\"@id\":\"https:\\\/\\\/engiby.ch\\\/cms\\\/web\\\/#website\",\"url\":\"https:\\\/\\\/engiby.ch\\\/cms\\\/web\\\/\",\"name\":\"Engiby\",\"description\":\"\",\"publisher\":{\"@id\":\"https:\\\/\\\/engiby.ch\\\/cms\\\/web\\\/#organization\"},\"potentialAction\":[{\"@type\":\"SearchAction\",\"target\":{\"@type\":\"EntryPoint\",\"urlTemplate\":\"https:\\\/\\\/engiby.ch\\\/cms\\\/web\\\/?s={search_term_string}\"},\"query-input\":{\"@type\":\"PropertyValueSpecification\",\"valueRequired\":true,\"valueName\":\"search_term_string\"}}],\"inLanguage\":\"en-US\"},{\"@type\":\"Organization\",\"@id\":\"https:\\\/\\\/engiby.ch\\\/cms\\\/web\\\/#organization\",\"name\":\"Engiby Sarl\",\"url\":\"https:\\\/\\\/engiby.ch\\\/cms\\\/web\\\/\",\"logo\":{\"@type\":\"ImageObject\",\"inLanguage\":\"en-US\",\"@id\":\"https:\\\/\\\/engiby.ch\\\/cms\\\/web\\\/#\\\/schema\\\/logo\\\/image\\\/\",\"url\":\"https:\\\/\\\/engiby.ch\\\/cms\\\/web\\\/wp-content\\\/uploads\\\/2025\\\/11\\\/LogoEngiby.jpg\",\"contentUrl\":\"https:\\\/\\\/engiby.ch\\\/cms\\\/web\\\/wp-content\\\/uploads\\\/2025\\\/11\\\/LogoEngiby.jpg\",\"width\":1180,\"height\":226,\"caption\":\"Engiby Sarl\"},\"image\":{\"@id\":\"https:\\\/\\\/engiby.ch\\\/cms\\\/web\\\/#\\\/schema\\\/logo\\\/image\\\/\"}}]}<\/script>\n<!-- \/ Yoast SEO plugin. -->","yoast_head_json":{"title":"NG-Alarm - Engiby","robots":{"index":"noindex","follow":"follow","max-snippet":"max-snippet:-1","max-image-preview":"max-image-preview:large","max-video-preview":"max-video-preview:-1"},"og_locale":"en_US","og_type":"article","og_title":"NG-Alarm - Engiby","og_description":"BeschreibungVersion fran\u00e7aise\u00a0\/\u00a0Deutsche Version\u00a0\/\u00a0English version Die NG-Alarm Bibliothek erlaubt das Senden von SMS und E-Mails Nachrichten von Saia PCD\u00ae\u00a0Systemen. Somit k\u00f6nnen auch nach der Abl\u00f6sung der analogen Telefonlinien durch die IP Kommunikation weiterhin SMS Nachrichten versendet werden. Ein bereits vorliegendes Programm f\u00fcr den Versand von SMS mittels der bestehenden Modem FBox Bibliothek kann mit minimem Aufwand [&hellip;]","og_url":"https:\/\/engiby.ch\/cms\/web\/communication-drivers\/ng-alarm-3\/","og_site_name":"Engiby","article_modified_time":"2025-02-27T15:29:12+00:00","og_image":[{"url":"https:\/\/engiby.ch\/cms\/web\/wp-content\/uploads\/2023\/11\/New.png","type":"","width":"","height":""}],"twitter_card":"summary_large_image","schema":{"@context":"https:\/\/schema.org","@graph":[{"@type":"WebPage","@id":"https:\/\/engiby.ch\/cms\/web\/communication-drivers\/ng-alarm-3\/","url":"https:\/\/engiby.ch\/cms\/web\/communication-drivers\/ng-alarm-3\/","name":"NG-Alarm - Engiby","isPartOf":{"@id":"https:\/\/engiby.ch\/cms\/web\/#website"},"primaryImageOfPage":{"@id":"https:\/\/engiby.ch\/cms\/web\/communication-drivers\/ng-alarm-3\/#primaryimage"},"image":{"@id":"https:\/\/engiby.ch\/cms\/web\/communication-drivers\/ng-alarm-3\/#primaryimage"},"thumbnailUrl":"https:\/\/engiby.ch\/cms\/web\/wp-content\/uploads\/2023\/11\/New.png","datePublished":"2023-12-13T12:49:47+00:00","dateModified":"2025-02-27T15:29:12+00:00","breadcrumb":{"@id":"https:\/\/engiby.ch\/cms\/web\/communication-drivers\/ng-alarm-3\/#breadcrumb"},"inLanguage":"en-US","potentialAction":[{"@type":"ReadAction","target":["https:\/\/engiby.ch\/cms\/web\/communication-drivers\/ng-alarm-3\/"]}]},{"@type":"ImageObject","inLanguage":"en-US","@id":"https:\/\/engiby.ch\/cms\/web\/communication-drivers\/ng-alarm-3\/#primaryimage","url":"https:\/\/engiby.ch\/cms\/web\/wp-content\/uploads\/2023\/11\/New.png","contentUrl":"https:\/\/engiby.ch\/cms\/web\/wp-content\/uploads\/2023\/11\/New.png","width":199,"height":111,"caption":"New"},{"@type":"BreadcrumbList","@id":"https:\/\/engiby.ch\/cms\/web\/communication-drivers\/ng-alarm-3\/#breadcrumb","itemListElement":[{"@type":"ListItem","position":1,"name":"Accueil","item":"https:\/\/engiby.ch\/cms\/web\/"},{"@type":"ListItem","position":2,"name":"Communication Drivers","item":"https:\/\/engiby.ch\/cms\/web\/communication-drivers\/"},{"@type":"ListItem","position":3,"name":"NG-Alarm"}]},{"@type":"WebSite","@id":"https:\/\/engiby.ch\/cms\/web\/#website","url":"https:\/\/engiby.ch\/cms\/web\/","name":"Engiby","description":"","publisher":{"@id":"https:\/\/engiby.ch\/cms\/web\/#organization"},"potentialAction":[{"@type":"SearchAction","target":{"@type":"EntryPoint","urlTemplate":"https:\/\/engiby.ch\/cms\/web\/?s={search_term_string}"},"query-input":{"@type":"PropertyValueSpecification","valueRequired":true,"valueName":"search_term_string"}}],"inLanguage":"en-US"},{"@type":"Organization","@id":"https:\/\/engiby.ch\/cms\/web\/#organization","name":"Engiby Sarl","url":"https:\/\/engiby.ch\/cms\/web\/","logo":{"@type":"ImageObject","inLanguage":"en-US","@id":"https:\/\/engiby.ch\/cms\/web\/#\/schema\/logo\/image\/","url":"https:\/\/engiby.ch\/cms\/web\/wp-content\/uploads\/2025\/11\/LogoEngiby.jpg","contentUrl":"https:\/\/engiby.ch\/cms\/web\/wp-content\/uploads\/2025\/11\/LogoEngiby.jpg","width":1180,"height":226,"caption":"Engiby Sarl"},"image":{"@id":"https:\/\/engiby.ch\/cms\/web\/#\/schema\/logo\/image\/"}}]}},"_links":{"self":[{"href":"https:\/\/engiby.ch\/cms\/web\/wp-json\/wp\/v2\/pages\/1173","targetHints":{"allow":["GET"]}}],"collection":[{"href":"https:\/\/engiby.ch\/cms\/web\/wp-json\/wp\/v2\/pages"}],"about":[{"href":"https:\/\/engiby.ch\/cms\/web\/wp-json\/wp\/v2\/types\/page"}],"author":[{"embeddable":true,"href":"https:\/\/engiby.ch\/cms\/web\/wp-json\/wp\/v2\/users\/1"}],"replies":[{"embeddable":true,"href":"https:\/\/engiby.ch\/cms\/web\/wp-json\/wp\/v2\/comments?post=1173"}],"version-history":[{"count":6,"href":"https:\/\/engiby.ch\/cms\/web\/wp-json\/wp\/v2\/pages\/1173\/revisions"}],"predecessor-version":[{"id":1621,"href":"https:\/\/engiby.ch\/cms\/web\/wp-json\/wp\/v2\/pages\/1173\/revisions\/1621"}],"up":[{"embeddable":true,"href":"https:\/\/engiby.ch\/cms\/web\/wp-json\/wp\/v2\/pages\/10"}],"wp:attachment":[{"href":"https:\/\/engiby.ch\/cms\/web\/wp-json\/wp\/v2\/media?parent=1173"}],"wp:term":[{"taxonomy":"category","embeddable":true,"href":"https:\/\/engiby.ch\/cms\/web\/wp-json\/wp\/v2\/categories?post=1173"},{"taxonomy":"post_tag","embeddable":true,"href":"https:\/\/engiby.ch\/cms\/web\/wp-json\/wp\/v2\/tags?post=1173"}],"curies":[{"name":"wp","href":"https:\/\/api.w.org\/{rel}","templated":true}]}}